{"id":39,"date":"2017-12-14T09:17:42","date_gmt":"2017-12-14T09:17:42","guid":{"rendered":"http:\/\/sintef.org.br\/wp\/?page_id=39"},"modified":"2025-04-15T22:29:08","modified_gmt":"2025-04-15T22:29:08","slug":"minutas","status":"publish","type":"page","link":"https:\/\/sintef.org.br\/wp\/minutas\/","title":{"rendered":"Minutas"},"content":{"rendered":"        <div class=\"breadcrumb-container theme5\">\r\n                    <ol>\r\n                    <li>\r\n            <a title=\"Voc\u00ea est\u00e1 aqui\" href=\"#\">\r\n                <span>Voc\u00ea est\u00e1 aqui<\/span>\r\n            <\/a>\r\n            <span class=\"separator\"><\/span>\r\n        <\/li>\r\n            <\/ol>\r\n        <script type=\"application\/ld+json\">\r\n        {\r\n            \"@context\": \"http:\/\/schema.org\",\r\n            \"@type\": \"BreadcrumbList\",\r\n            \"itemListElement\": [\r\n                 {\r\n                            \"@type\": \"ListItem\",\r\n                            \"position\": 1,\r\n                            \"item\": {\r\n                                \"@id\": \"#\",\r\n                                \"name\": \"Voc\u00ea est\u00e1 aqui\"\r\n                            }\r\n                        }\r\n                                                    ]\r\n        }\r\n    <\/script>\r\n    <style type=\"text\/css\">\r\n        .breadcrumb-container {\r\n            font-size: 13px;\r\n        }\r\n\r\n        .breadcrumb-container ul {\r\n            margin: 0;\r\n            padding: 0;\r\n        }\r\n\r\n        .breadcrumb-container li {\r\n            box-sizing: unset;\r\n            display: inline-block;\r\n            margin: 0;\r\n            padding: 0;\r\n        }\r\n\r\n        .breadcrumb-container li a {\r\n            box-sizing: unset;\r\n            padding: 0 10px;\r\n        }\r\n\r\n        .breadcrumb-container {\r\n            font-size:  !important;\r\n            padding: ;\r\n            margin: ;\r\n        }\r\n\r\n        .breadcrumb-container li a {\r\n            color: #ffffff !important;\r\n            font-size:  !important;\r\n            line-height:  !important;\r\n        }\r\n\r\n        .breadcrumb-container li .separator {\r\n            color:  !important;\r\n            font-size:  !important;\r\n        }\r\n\r\n            <\/style>\r\n    <style type=\"text\/css\">\r\n        .breadcrumb-container.theme5 li {\r\n            display: inline-block;\r\n            margin: 0 14px;\r\n            padding: 0;\r\n        }\r\n\r\n        .breadcrumb-container.theme5 a {\r\n            background: #2e9341;\r\n            color: rgb(102, 102, 102);\r\n            display: inline-block;\r\n            font-size: 14px;\r\n            height: 16px;\r\n            margin: 0;\r\n            padding: 5px 10px;\r\n            text-decoration: none;\r\n            position:relative;\r\n        }\r\n\r\n        .breadcrumb-container.theme5 a::before {\r\n            -moz-border-bottom-colors: none;\r\n            -moz-border-left-colors: none;\r\n            -moz-border-right-colors: none;\r\n            -moz-border-top-colors: none;\r\n            border-color: #2e9341 #2e9341 #2e9341 rgba(0, 0, 0, 0);\r\n            border-image: none;\r\n            border-style: solid;\r\n            border-width: 13px;\r\n            content: \" \";\r\n            display: block;\r\n            height: 0;\r\n            left: -18px;\r\n            position: absolute;\r\n            top: 0;\r\n            width: 0;\r\n        }\r\n        .breadcrumb-container.theme5 a::after {\r\n            -moz-border-bottom-colors: none;\r\n            -moz-border-left-colors: none;\r\n            -moz-border-right-colors: none;\r\n            -moz-border-top-colors: none;\r\n            border-color: rgba(0, 0, 0, 0) rgba(0, 0, 0, 0) rgba(0, 0, 0, 0) #2e9341;\r\n            border-image: none;\r\n            border-style: solid;\r\n            border-width: 13px;\r\n            content: \" \";\r\n            display: inline-block;\r\n            height: 0;\r\n            line-height: 0;\r\n            position: absolute;\r\n            right: -26px;\r\n            top: 0;\r\n            width: 0;\r\n        }\r\n\r\n        .breadcrumb-container.theme5 .separator {\r\n            display: none;\r\n        }\r\n\r\n    <\/style>\r\n        <style type=\"text\/css\">\r\n            <\/style>\r\n    <script>\r\n            <\/script>\r\n        <\/div>\r\n        \n<p>Consulte as minutas em discuss\u00e3o no \u00e2mbito do nosso sindicato:<\/p>\n<ul>\n<li><a href=\"https:\/\/drive.google.com\/file\/d\/121yKrh4uoyKEzKbYZRiFOJGlfqs31l8M\/view?usp=sharing\" target=\"_blank\" rel=\"noopener\">Justificativa Estatuinte IFG<\/a>\u00a0| A Estatuinte consiste num processo consultivo e\u00a0deliberativo que tem por objetivo geral elaborar o Estatuto que cont\u00e9m os pilares de\u00a0uma Institui\u00e7\u00e3o de Ensino Superior. Os objetivos espec\u00edficos da Estatuinte s\u00e3o\u00a0os de definir os princ\u00edpios e finalidades da Institui\u00e7\u00e3o e detalhar a estrutura, a administra\u00e7\u00e3o, o funcionamento das atividades da mesma, em conson\u00e2ncia com sua natureza jur\u00eddica.<\/li>\n<\/ul>\n","protected":false},"excerpt":{"rendered":"<p>Consulte as minutas em discuss\u00e3o no \u00e2mbito do nosso sindicato: Justificativa Estatuinte IFG\u00a0| A Estatuinte consiste num processo consultivo e\u00a0deliberativo que tem por objetivo geral elaborar o Estatuto que cont\u00e9m os pilares de\u00a0uma Institui\u00e7\u00e3o de Ensino Superior. Os objetivos espec\u00edficos da Estatuinte s\u00e3o\u00a0os de definir os princ\u00edpios e finalidades da Institui\u00e7\u00e3o e detalhar a estrutura, &#8230; <a title=\"Minutas\" class=\"read-more\" href=\"https:\/\/sintef.org.br\/wp\/minutas\/\">Ler mais&#8230;<\/a><\/p>\n","protected":false},"author":1,"featured_media":0,"parent":0,"menu_order":0,"comment_status":"closed","ping_status":"closed","template":"","meta":{"two_page_speed":[],"footnotes":""},"class_list":["post-39","page","type-page","status-publish"],"_links":{"self":[{"href":"https:\/\/sintef.org.br\/wp\/wp-json\/wp\/v2\/pages\/39","targetHints":{"allow":["GET"]}}],"collection":[{"href":"https:\/\/sintef.org.br\/wp\/wp-json\/wp\/v2\/pages"}],"about":[{"href":"https:\/\/sintef.org.br\/wp\/wp-json\/wp\/v2\/types\/page"}],"author":[{"embeddable":true,"href":"https:\/\/sintef.org.br\/wp\/wp-json\/wp\/v2\/users\/1"}],"replies":[{"embeddable":true,"href":"https:\/\/sintef.org.br\/wp\/wp-json\/wp\/v2\/comments?post=39"}],"version-history":[{"count":9,"href":"https:\/\/sintef.org.br\/wp\/wp-json\/wp\/v2\/pages\/39\/revisions"}],"predecessor-version":[{"id":5076,"href":"https:\/\/sintef.org.br\/wp\/wp-json\/wp\/v2\/pages\/39\/revisions\/5076"}],"wp:attachment":[{"href":"https:\/\/sintef.org.br\/wp\/wp-json\/wp\/v2\/media?parent=39"}],"curies":[{"name":"wp","href":"https:\/\/api.w.org\/{rel}","templated":true}]}}