{"id":27,"date":"2017-12-14T09:14:41","date_gmt":"2017-12-14T09:14:41","guid":{"rendered":"http:\/\/sintef.org.br\/wp\/?page_id=27"},"modified":"2019-07-10T20:10:36","modified_gmt":"2019-07-10T20:10:36","slug":"prestacao-de-contas","status":"publish","type":"page","link":"https:\/\/sintef.org.br\/wp\/prestacao-de-contas\/","title":{"rendered":"Presta\u00e7\u00e3o de Contas"},"content":{"rendered":"        <div class=\"breadcrumb-container theme5\">\r\n                    <ol>\r\n                    <li>\r\n            <a title=\"Voc\u00ea est\u00e1 aqui\" href=\"#\">\r\n                <span>Voc\u00ea est\u00e1 aqui<\/span>\r\n            <\/a>\r\n            <span class=\"separator\"><\/span>\r\n        <\/li>\r\n            <\/ol>\r\n        <script type=\"application\/ld+json\">\r\n        {\r\n            \"@context\": \"http:\/\/schema.org\",\r\n            \"@type\": \"BreadcrumbList\",\r\n            \"itemListElement\": [\r\n                 {\r\n                            \"@type\": \"ListItem\",\r\n                            \"position\": 1,\r\n                            \"item\": {\r\n                                \"@id\": \"#\",\r\n                                \"name\": \"Voc\u00ea est\u00e1 aqui\"\r\n                            }\r\n                        }\r\n                                                    ]\r\n        }\r\n    <\/script>\r\n    <style type=\"text\/css\">\r\n        .breadcrumb-container {\r\n            font-size: 13px;\r\n        }\r\n\r\n        .breadcrumb-container ul {\r\n            margin: 0;\r\n            padding: 0;\r\n        }\r\n\r\n        .breadcrumb-container li {\r\n            box-sizing: unset;\r\n            display: inline-block;\r\n            margin: 0;\r\n            padding: 0;\r\n        }\r\n\r\n        .breadcrumb-container li a {\r\n            box-sizing: unset;\r\n            padding: 0 10px;\r\n        }\r\n\r\n        .breadcrumb-container {\r\n            font-size:  !important;\r\n            padding: ;\r\n            margin: ;\r\n        }\r\n\r\n        .breadcrumb-container li a {\r\n            color: #ffffff !important;\r\n            font-size:  !important;\r\n            line-height:  !important;\r\n        }\r\n\r\n        .breadcrumb-container li .separator {\r\n            color:  !important;\r\n            font-size:  !important;\r\n        }\r\n\r\n            <\/style>\r\n    <style type=\"text\/css\">\r\n        .breadcrumb-container.theme5 li {\r\n            display: inline-block;\r\n            margin: 0 14px;\r\n            padding: 0;\r\n        }\r\n\r\n        .breadcrumb-container.theme5 a {\r\n            background: #2e9341;\r\n            color: rgb(102, 102, 102);\r\n            display: inline-block;\r\n            font-size: 14px;\r\n            height: 16px;\r\n            margin: 0;\r\n            padding: 5px 10px;\r\n            text-decoration: none;\r\n            position:relative;\r\n        }\r\n\r\n        .breadcrumb-container.theme5 a::before {\r\n            -moz-border-bottom-colors: none;\r\n            -moz-border-left-colors: none;\r\n            -moz-border-right-colors: none;\r\n            -moz-border-top-colors: none;\r\n            border-color: #2e9341 #2e9341 #2e9341 rgba(0, 0, 0, 0);\r\n            border-image: none;\r\n            border-style: solid;\r\n            border-width: 13px;\r\n            content: \" \";\r\n            display: block;\r\n            height: 0;\r\n            left: -18px;\r\n            position: absolute;\r\n            top: 0;\r\n            width: 0;\r\n        }\r\n        .breadcrumb-container.theme5 a::after {\r\n            -moz-border-bottom-colors: none;\r\n            -moz-border-left-colors: none;\r\n            -moz-border-right-colors: none;\r\n            -moz-border-top-colors: none;\r\n            border-color: rgba(0, 0, 0, 0) rgba(0, 0, 0, 0) rgba(0, 0, 0, 0) #2e9341;\r\n            border-image: none;\r\n            border-style: solid;\r\n            border-width: 13px;\r\n            content: \" \";\r\n            display: inline-block;\r\n            height: 0;\r\n            line-height: 0;\r\n            position: absolute;\r\n            right: -26px;\r\n            top: 0;\r\n            width: 0;\r\n        }\r\n\r\n        .breadcrumb-container.theme5 .separator {\r\n            display: none;\r\n        }\r\n\r\n    <\/style>\r\n        <style type=\"text\/css\">\r\n            <\/style>\r\n    <script>\r\n            <\/script>\r\n        <\/div>\r\n        \n<p>&nbsp;<\/p>\n<p>Acesse os arquivos de presta\u00e7\u00e3o de contas do Sintef-GO. Abaixo, os balancetes anal\u00edticos est\u00e3o organizados por ordem decrescente<\/p>\n<p>2018<\/p>\n<ul>\n<li><a href=\"https:\/\/sintef.org.br\/wp\/wp-content\/uploads\/2019\/07\/Balancete-Anal\u00edtico-2018.pdf\" class=\"mtli_attachment mtli_pdf\" class=\"pdfemb-viewer\" style=\"\" data-width=\"max\" data-height=\"max\"  data-toolbar=\"bottom\" data-toolbar-fixed=\"off\">Balancete Anal\u00edtico - 2018<br\/><\/a><\/li>\n<\/ul>\n<p><strong>2017<\/strong><\/p>\n<ul>\n<li><a href=\"https:\/\/sintef.org.br\/wp\/wp-content\/uploads\/2019\/07\/Presta\u00e7\u00e3o-de-Contas-2017-parte-01.pdf\" class=\"mtli_attachment mtli_pdf\" class=\"pdfemb-viewer\" style=\"\" data-width=\"max\" data-height=\"max\"  data-toolbar=\"bottom\" data-toolbar-fixed=\"off\">Balancete Anal\u00edtico - janeiro a maio de 2017<br\/><\/a><\/li>\n<li><a href=\"https:\/\/sintef.org.br\/wp\/wp-content\/uploads\/2019\/07\/Presta\u00e7\u00e3o-de-Contas-2017-parte-02.pdf\" class=\"mtli_attachment mtli_pdf\" class=\"pdfemb-viewer\" style=\"\" data-width=\"max\" data-height=\"max\"  data-toolbar=\"bottom\" data-toolbar-fixed=\"off\">Balancete Anal\u00edtico - junho a dezembro de 2017<br\/><\/a><\/li>\n<\/ul>\n<p><strong>2016<\/strong><\/p>\n<ul>\n<li><a href=\"http:\/\/sintef.org.br\/wp\/wp-content\/uploads\/2018\/02\/Balancete-Anal\u00edtico-2\u00ba-Quadrimestre-Janeiro-e-fevereiro-2016.pdf\" class=\"mtli_attachment mtli_pdf\" target=\"_blank\" rel=\"noopener\">Balancete Anal\u00edtico &#8211; 2\u00ba Quadrimestre -Janeiro e fevereiro 2016<\/a><\/li>\n<\/ul>\n<p><strong>2015<\/strong><\/p>\n<ul>\n<li><a href=\"http:\/\/sintef.org.br\/wp\/wp-content\/uploads\/2018\/02\/Balancete-Anal\u00edtico-2\u00ba-Quadrimestre-Outubro-Novembro-e-Dezembro-2015.pdf\" class=\"mtli_attachment mtli_pdf\" target=\"_blank\" rel=\"noopener\">Balancete Anal\u00edtico &#8211; 2\u00ba Quadrimestre- Outubro, Novembro e Dezembro 2015<\/a><\/li>\n<li><a href=\"http:\/\/sintef.org.br\/wp\/wp-content\/uploads\/2018\/02\/Balancete-Anal\u00edtico-1\u00ba-Quadrimestre-Agosto-e-Setembro-2015.pdf\" class=\"mtli_attachment mtli_pdf\" target=\"_blank\" rel=\"noopener\">Balancete Anal\u00edtico &#8211; 1\u00ba Quadrimestre &#8211; Agosto e Setembro 2015<\/a><\/li>\n<li><a href=\"http:\/\/sintef.org.br\/wp\/wp-content\/uploads\/2018\/02\/Balancete-Anal\u00edtico-1\u00ba-Quadrimestre-Junho-e-Julho-2015.pdf\" class=\"mtli_attachment mtli_pdf\" target=\"_blank\" rel=\"noopener\">Balancete Anal\u00edtico &#8211; 1\u00ba Quadrimestre &#8211; Junho e Julho 2015<\/a><\/li>\n<\/ul>\n<p>&nbsp;<\/p>\n","protected":false},"excerpt":{"rendered":"<p>&nbsp; Acesse os arquivos de presta\u00e7\u00e3o de contas do Sintef-GO. Abaixo, os balancetes anal\u00edticos est\u00e3o organizados por ordem decrescente 2018 2017 2016 Balancete Anal\u00edtico &#8211; 2\u00ba Quadrimestre -Janeiro e fevereiro 2016 2015 Balancete Anal\u00edtico &#8211; 2\u00ba Quadrimestre- Outubro, Novembro e Dezembro 2015 Balancete Anal\u00edtico &#8211; 1\u00ba Quadrimestre &#8211; Agosto e Setembro 2015 Balancete Anal\u00edtico &#8211; &#8230; <a title=\"Presta\u00e7\u00e3o de Contas\" class=\"read-more\" href=\"https:\/\/sintef.org.br\/wp\/prestacao-de-contas\/\">Ler mais&#8230;<\/a><\/p>\n","protected":false},"author":1,"featured_media":0,"parent":0,"menu_order":0,"comment_status":"closed","ping_status":"closed","template":"","meta":{"two_page_speed":[],"footnotes":""},"class_list":["post-27","page","type-page","status-publish"],"_links":{"self":[{"href":"https:\/\/sintef.org.br\/wp\/wp-json\/wp\/v2\/pages\/27","targetHints":{"allow":["GET"]}}],"collection":[{"href":"https:\/\/sintef.org.br\/wp\/wp-json\/wp\/v2\/pages"}],"about":[{"href":"https:\/\/sintef.org.br\/wp\/wp-json\/wp\/v2\/types\/page"}],"author":[{"embeddable":true,"href":"https:\/\/sintef.org.br\/wp\/wp-json\/wp\/v2\/users\/1"}],"replies":[{"embeddable":true,"href":"https:\/\/sintef.org.br\/wp\/wp-json\/wp\/v2\/comments?post=27"}],"version-history":[{"count":11,"href":"https:\/\/sintef.org.br\/wp\/wp-json\/wp\/v2\/pages\/27\/revisions"}],"predecessor-version":[{"id":2540,"href":"https:\/\/sintef.org.br\/wp\/wp-json\/wp\/v2\/pages\/27\/revisions\/2540"}],"wp:attachment":[{"href":"https:\/\/sintef.org.br\/wp\/wp-json\/wp\/v2\/media?parent=27"}],"curies":[{"name":"wp","href":"https:\/\/api.w.org\/{rel}","templated":true}]}}